{"id":2,"date":"2020-07-28T22:31:02","date_gmt":"2020-07-28T22:31:02","guid":{"rendered":"http:\/\/ellicut.com\/?page_id=2"},"modified":"2021-06-09T15:56:37","modified_gmt":"2021-06-09T15:56:37","slug":"vision","status":"publish","type":"page","link":"https:\/\/ellicut.com\/en_US\/vision\/","title":{"rendered":"Vision"},"content":{"rendered":"\n<p>Wir wollen f\u00fcr jede Patientin und jeden Patienten das h\u00f6chstm\u00f6gliche Ma\u00df an therapeutischer Wirksamkeit erzielen und glauben, dass das Ergebnis einer Exzision an der Haut nicht l\u00e4nger nur von der Erfahrung des Chirurgen abh\u00e4ngig ist. Wir stellen den \u00c4rzten ein System zur Verf\u00fcgung, welches anhand der im Vorfeld erhobenen Bilddaten des zu entfernenden Hauttumors individuelle Schnittlinien f\u00fcr die Durchf\u00fchrung einer dermatologischen Operation zur Verf\u00fcgung stellt; schnell, einfach und absolut sicher.\u00a0<\/p>\n\n\n\n<p>Wir sind \u00fcberzeugt: diese standardisierte Schnittf\u00fchrung erh\u00f6ht nicht nur die Sicherheit der Operation, sondern in besonderem Ma\u00dfe auch die Zufriedenheit beim Patienten. Mithilfe der Software ist es au\u00dferdem m\u00f6glich, die resultierende Narbenl\u00e4nge pr\u00e4operativ f\u00fcr den Patienten zu simulieren und damit \u201eb\u00f6se \u00dcberraschungen\u201c zu vermeiden. &nbsp;<\/p>\n\n\n\n<p>Ellicut steht f\u00fcr neue und innovative Standards in der Dermatochirurgie. Wir geben den \u00c4rzten die notwendigen Tools f\u00fcr ein perfektes Exzisionsergebnis.<\/p>\n\n\n\n<p>Niemand kann die Erfahrung eines guten Dermatochirurgen ersetzen, doch wir schaffen f\u00fcr Sie die idealen Grundvoraussetzungen.<\/p>\n\n\n\n<p>Schnell, einfach und absolut sicher.&nbsp;<\/p>\n","protected":false},"excerpt":{"rendered":"","protected":false},"author":1,"featured_media":12,"parent":0,"menu_order":0,"comment_status":"closed","ping_status":"open","template":"","meta":{"footnotes":""},"class_list":["post-2","page","type-page","status-publish","has-post-thumbnail","hentry"],"_links":{"self":[{"href":"https:\/\/ellicut.com\/en_US\/wp-json\/wp\/v2\/pages\/2","targetHints":{"allow":["GET"]}}],"collection":[{"href":"https:\/\/ellicut.com\/en_US\/wp-json\/wp\/v2\/pages"}],"about":[{"href":"https:\/\/ellicut.com\/en_US\/wp-json\/wp\/v2\/types\/page"}],"author":[{"embeddable":true,"href":"https:\/\/ellicut.com\/en_US\/wp-json\/wp\/v2\/users\/1"}],"replies":[{"embeddable":true,"href":"https:\/\/ellicut.com\/en_US\/wp-json\/wp\/v2\/comments?post=2"}],"version-history":[{"count":3,"href":"https:\/\/ellicut.com\/en_US\/wp-json\/wp\/v2\/pages\/2\/revisions"}],"predecessor-version":[{"id":121,"href":"https:\/\/ellicut.com\/en_US\/wp-json\/wp\/v2\/pages\/2\/revisions\/121"}],"wp:featuredmedia":[{"embeddable":true,"href":"https:\/\/ellicut.com\/en_US\/wp-json\/wp\/v2\/media\/12"}],"wp:attachment":[{"href":"https:\/\/ellicut.com\/en_US\/wp-json\/wp\/v2\/media?parent=2"}],"curies":[{"name":"wp","href":"https:\/\/api.w.org\/{rel}","templated":true}]}}