{"id":18,"date":"2020-09-03T19:11:53","date_gmt":"2020-09-03T19:11:53","guid":{"rendered":"http:\/\/ellicut.com\/?page_id=18"},"modified":"2022-02-15T20:37:10","modified_gmt":"2022-02-15T20:37:10","slug":"produkte","status":"publish","type":"page","link":"https:\/\/ellicut.com\/en_US\/produkte\/","title":{"rendered":"Produkte"},"content":{"rendered":"\n<p><\/p>\n\n\n\n<div class=\"wp-block-image\"><figure class=\"alignright size-full is-resized\"><img loading=\"lazy\" decoding=\"async\" src=\"http:\/\/ellicut.com\/wp-content\/uploads\/2022\/02\/image.png\" alt=\"\" class=\"wp-image-147\" width=\"281\" height=\"196\" srcset=\"https:\/\/ellicut.com\/wp-content\/uploads\/2022\/02\/image.png 936w, https:\/\/ellicut.com\/wp-content\/uploads\/2022\/02\/image-300x209.png 300w, https:\/\/ellicut.com\/wp-content\/uploads\/2022\/02\/image-768x536.png 768w\" sizes=\"auto, (max-width: 281px) 100vw, 281px\" \/><\/figure><\/div>\n\n\n\n<p>Die Ellicut Spindel<\/p>\n\n\n\n<p>Die Exzision von gut- und b\u00f6sartigen Hauttumoren, Warzen oder subkutanen Tumoren (Lipome, Zysten) z\u00e4hlt zu den h\u00e4ufigsten ambulanten Eingriffen in der operativen Dermatologie. Dar\u00fcberhinaus werden operative Entfernungen von Muttermalen und anderen Hautwucherungen auch regelm\u00e4\u00dfig aus asthetischen oder funktionellen Gr\u00fcnden vorgenommen. <\/p>\n\n\n\n<p>Wir arbeiten zum einen an einer Software, welche die Exzision individuell plant und die beste Schnitttechnik definiert, sowie an individuellen Schablonen, welche die optimale Schnittform der Exzision individuell f\u00fcr die jeweilige Anwendung und den Patienten appliziert. <\/p>\n\n\n\n<p>Das Vorhaben befinden sich gerade in der Entwicklung und klinischen Pr\u00fcfung. <\/p>\n\n\n\n<p>St\u00e4ndige Neuigkeiten auf unserer <a href=\"http:\/\/ellicut.com\/blog\/\" data-type=\"page\" data-id=\"64\">Newspage<\/a>. <\/p>\n","protected":false},"excerpt":{"rendered":"","protected":false},"author":1,"featured_media":0,"parent":0,"menu_order":0,"comment_status":"closed","ping_status":"closed","template":"","meta":{"footnotes":""},"class_list":["post-18","page","type-page","status-publish","hentry"],"_links":{"self":[{"href":"https:\/\/ellicut.com\/en_US\/wp-json\/wp\/v2\/pages\/18","targetHints":{"allow":["GET"]}}],"collection":[{"href":"https:\/\/ellicut.com\/en_US\/wp-json\/wp\/v2\/pages"}],"about":[{"href":"https:\/\/ellicut.com\/en_US\/wp-json\/wp\/v2\/types\/page"}],"author":[{"embeddable":true,"href":"https:\/\/ellicut.com\/en_US\/wp-json\/wp\/v2\/users\/1"}],"replies":[{"embeddable":true,"href":"https:\/\/ellicut.com\/en_US\/wp-json\/wp\/v2\/comments?post=18"}],"version-history":[{"count":11,"href":"https:\/\/ellicut.com\/en_US\/wp-json\/wp\/v2\/pages\/18\/revisions"}],"predecessor-version":[{"id":150,"href":"https:\/\/ellicut.com\/en_US\/wp-json\/wp\/v2\/pages\/18\/revisions\/150"}],"wp:attachment":[{"href":"https:\/\/ellicut.com\/en_US\/wp-json\/wp\/v2\/media?parent=18"}],"curies":[{"name":"wp","href":"https:\/\/api.w.org\/{rel}","templated":true}]}}