{"id":14,"date":"2020-09-03T19:08:27","date_gmt":"2020-09-03T19:08:27","guid":{"rendered":"http:\/\/ellicut.com\/?page_id=14"},"modified":"2021-10-03T11:08:10","modified_gmt":"2021-10-03T11:08:10","slug":"uberuns","status":"publish","type":"page","link":"https:\/\/ellicut.com\/en_US\/uberuns\/","title":{"rendered":"\u00dcber uns"},"content":{"rendered":"\n<p><strong>Ellicut UG:<\/strong><\/p>\n\n\n\n<p>Ellicut ist entstanden aus einer gemeinsamen Vision, individuelle und standardisierte Schnittformen f\u00fcr Exzisionen von Hautver\u00e4nderungen zu generieren. <\/p>\n\n\n\n<p>Die Gr\u00fcnder von Ellicut:<\/p>\n\n\n\n<p><strong>Dr. med. Stefanie Derendorf: <\/strong><\/p>\n\n\n\n<div class=\"wp-block-image\"><figure class=\"alignright size-large is-resized\"><img loading=\"lazy\" decoding=\"async\" src=\"http:\/\/ellicut.com\/wp-content\/uploads\/2021\/01\/7097C82A-AD82-42A4-BA8D-0C29D6ECFA5B.jpg\" alt=\"\" class=\"wp-image-106\" width=\"162\" height=\"243\" srcset=\"https:\/\/ellicut.com\/wp-content\/uploads\/2021\/01\/7097C82A-AD82-42A4-BA8D-0C29D6ECFA5B.jpg 400w, https:\/\/ellicut.com\/wp-content\/uploads\/2021\/01\/7097C82A-AD82-42A4-BA8D-0C29D6ECFA5B-200x300.jpg 200w\" sizes=\"auto, (max-width: 162px) 100vw, 162px\" \/><\/figure><\/div>\n\n\n\n<p>Dr. Stefanie Derendorf absolvierte ihr Studium der Humanmedizin an der Ludwig-Maximilians-Universit\u00e4t (LMU) und Technischen Universit\u00e4t M\u00fcnchen (TUM). Nach ihrer Approbation arbeitete sie zun\u00e4chst in der Abteilung f\u00fcr Endokrinologie und Diabetologie des Klinikums Schwabing und wechselte sp\u00e4ter in die Klinik f\u00fcr Dermatologie, Allergologie und Umweltmedizin unter Leitung von Chefarzt Prof. Wilhelm Stolz, wo sie einen Gro\u00dfteil ihrer Facharztausbildung absolvierte. Desweiteren arbeitete sie in einem gro\u00dfen M\u00fcnchner Haut-, Laser- und Venenzentrum und erlangte in dieser Zeit die Facharztreife.<\/p>\n\n\n\n<p>Vor\u00fcbergehend war sie danach als Fach\u00e4rztin in der sehr renommierten Privatambulanz von Prof. Wilhelm Stolz t\u00e4tig mit den Schwerpunkten der Dermatoskopie, Fr\u00fcherkennung von wei\u00dfem und schwarzem Hautkrebs sowie Betreuung und Nachsorge von dermatologischen Tumorpatienten. Danach arbeitet sie in einer dermatologischen Privatpraxis in der M\u00fcnchner Innenstadt und hat sich hier neben der Betreuung klassischer dermatologischer Patienten auf die Dermatochirurgie und Lasermedizin spezialisiert.\u00a0Seit Juni 2021 arbeitet Frau Derendorf in Ihrer eigenen dermatologischen Privatpraxis Dermatologie am St. Anna Platz im M\u00fcnchen. \u00a0<\/p>\n\n\n\n<p>Stefanie Derendorf ist verheiratet und lebt mit ihrem Mann und ihren zwei T\u00f6chtern in M\u00fcnchen.&nbsp;<\/p>\n\n\n\n<p><\/p>\n\n\n\n<p><\/p>\n\n\n\n<p><strong>Matthias Pigerl<\/strong>:<\/p>\n\n\n\n<div class=\"wp-block-image\"><figure class=\"alignright size-large is-resized\"><img loading=\"lazy\" decoding=\"async\" src=\"http:\/\/ellicut.com\/wp-content\/uploads\/2021\/07\/0015_Pigerl_A_2_10072021_klein-1.jpg\" alt=\"\" class=\"wp-image-128\" width=\"157\" height=\"236\"\/><\/figure><\/div>\n\n\n\n<p class=\"has-text-align-left\">Matthias Pigerl absolvierte sein Studium der Feinwerk und Mikrotechnik an der FH M\u00fcnchen und der Universidad de Granda und spezialisierte sich ein paar Jahre nach dem Abschluss des Ingenieur Studiums mit einem Master of Science Studiengang der TU M\u00fcnchen im Bereich der Medizintechnik. <\/p>\n\n\n\n<p>Seit \u00fcber 20 Jahren ist er in verschiedenen Medizintechnik und Biotechnikunternehmen t\u00e4tig und arbeitete bereits in den verschiedensten Positionen (Werkstudent, Elektronik und Softwareentwickler, Projektingenieur, Kundenservice, Management, Leitung der R&amp;D).<\/p>\n\n\n\n<p> Matthias Pigerl ist verheiratet und lebt mit Frau und Kind in M\u00fcnchen. <\/p>\n\n\n\n<p><\/p>\n","protected":false},"excerpt":{"rendered":"","protected":false},"author":1,"featured_media":0,"parent":0,"menu_order":0,"comment_status":"closed","ping_status":"closed","template":"template\/template-about.php","meta":{"footnotes":""},"class_list":["post-14","page","type-page","status-publish","hentry"],"_links":{"self":[{"href":"https:\/\/ellicut.com\/en_US\/wp-json\/wp\/v2\/pages\/14","targetHints":{"allow":["GET"]}}],"collection":[{"href":"https:\/\/ellicut.com\/en_US\/wp-json\/wp\/v2\/pages"}],"about":[{"href":"https:\/\/ellicut.com\/en_US\/wp-json\/wp\/v2\/types\/page"}],"author":[{"embeddable":true,"href":"https:\/\/ellicut.com\/en_US\/wp-json\/wp\/v2\/users\/1"}],"replies":[{"embeddable":true,"href":"https:\/\/ellicut.com\/en_US\/wp-json\/wp\/v2\/comments?post=14"}],"version-history":[{"count":15,"href":"https:\/\/ellicut.com\/en_US\/wp-json\/wp\/v2\/pages\/14\/revisions"}],"predecessor-version":[{"id":144,"href":"https:\/\/ellicut.com\/en_US\/wp-json\/wp\/v2\/pages\/14\/revisions\/144"}],"wp:attachment":[{"href":"https:\/\/ellicut.com\/en_US\/wp-json\/wp\/v2\/media?parent=14"}],"curies":[{"name":"wp","href":"https:\/\/api.w.org\/{rel}","templated":true}]}}